{"id":10253,"date":"2014-06-29T20:21:20","date_gmt":"2014-06-29T20:21:20","guid":{"rendered":"http:\/\/www.moldesplecam.com\/?page_id=10253"},"modified":"2014-07-31T17:23:33","modified_gmt":"2014-07-31T17:23:33","slug":"informacion","status":"publish","type":"page","link":"https:\/\/www.moldesplecam.com\/?page_id=10253","title":{"rendered":"Informaci\u00f3n"},"content":{"rendered":"<p align=\"JUSTIFY\"><strong><em>Moldes Plecam<\/em><\/strong>, fue fundada en el a\u00f1o 2003, pero aunque sea una empresa joven, sus tres socios-trabajadores, cuentan con una dilatada experiencia en la fabricaci\u00f3n de moldes de inyecci\u00f3n para la industria del pl\u00e1stico, conforme con las necesidades de los clientes y siguiendo siempre una linea de superaci\u00f3n en el desarrollo tecnol\u00f3gico capaz de aportar una nueva idea a cada necesidad.<\/p>\n<p align=\"JUSTIFY\">Estamos situados en Barbera del valles a pocos Kil\u00f3metros de Barcelona e instalados en una nave de 650m2 en la que contamos con un taller ampliamente equipado ademas de una oficina t\u00e9cnica y administrativa.<\/p>\n<p align=\"JUSTIFY\">Nuestra principal actividad es la construcci\u00f3n de moldes de inyecci\u00f3n de pl\u00e1stico y soplado, as\u00ed como cualquier reparaci\u00f3n y modificaci\u00f3n en moldes de hasta 25.000kg.<\/p>\n<p align=\"JUSTIFY\">Nuestra Pol\u00edtica de calidad esta basada en:<strong><em> <span style=\"text-decoration: underline;\">la seriedad en los plazos de entrega, la relaci\u00f3n calidad\/precio y el servicio<\/span>.<\/em><\/strong><\/p>\n<p align=\"JUSTIFY\">Nuestro taller cuenta con la tecnolog\u00eda y maquinaria necesarias para la fabricaci\u00f3n, reparaci\u00f3n y modificaci\u00f3n de moldes de inyecci\u00f3n de pl\u00e1stico.<\/p>\n<p align=\"JUSTIFY\">Contamos con equipo de soldadura port\u00e1til para hacer salidas externas a instalaciones de cliente y poder reparar cualquier tipo de aver\u00edas.<\/p>\n<p align=\"JUSTIFY\">Tambi\u00e9n disponemos de soldadura l\u00e1ser en taller cercano a 3 minutos de nuestras instalaciones y un aut\u00f3nomo con soldadura l\u00e1ser port\u00e1til.<\/p>\n<h2 style=\"text-align: left;\" align=\"JUSTIFY\"><\/h2>\n<h2 style=\"text-align: left;\" align=\"JUSTIFY\"><strong>Relaci\u00f3n de Maquinaria:<br \/>\n<\/strong><\/h2>\n<hr \/>\n<p align=\"JUSTIFY\"><div class=\"fusion-one-half one_half fusion-column\"><style type=\"text\/css\">.imageframe-1 img{border:0px solid #f6f6f6;}<\/style><span style=\"margin-right:25px;float:left;\" class=\"fusion-imageframe imageframe imageframe-none imageframe-1\"><a href=\"http:\/\/www.moldesplecam.com\/wp-content\/uploads\/2014\/07\/PLECAM-4-150x150.jpg\" class=\"lightbox-shortcode\" rel=\"prettyPhoto\"><a class=\"img-responsive  id=\" title=\"\" href=\"http:\/\/www.moldesplecam.com\/wp-content\/uploads\/2014\/07\/PLECAM-4.jpg\" rel=\"prettyPhoto\"><img src=\"http:\/\/www.moldesplecam.com\/wp-content\/uploads\/2014\/07\/PLECAM-4-150x150.jpg\" alt=\"\" \/><\/a><\/a><\/span><strong>PUENTE GRUA CON:<\/strong><\/p>\n<p align=\"JUSTIFY\">DOS CARROS DE 16TN Y 10TN Y UN PUENTE GRUA DE 10TN.<\/div>\n<p align=\"JUSTIFY\"><div class=\"fusion-one-half one_half fusion-column last\"><style type=\"text\/css\">.imageframe-2 img{border:0px solid #f6f6f6;}<\/style><span style=\"margin-right:25px;float:left;\" class=\"fusion-imageframe imageframe imageframe-none imageframe-2\"><a href=\"http:\/\/www.moldesplecam.com\/wp-content\/uploads\/2014\/07\/Fresadora-MTE-2500x800x800-150x150.jpg\" class=\"lightbox-shortcode\" rel=\"prettyPhoto\"><a title=\"\" href=\"http:\/\/www.moldesplecam.com\/wp-content\/uploads\/2014\/07\/Fresadora-MTE-2500x800x800.jpg\" rel=\"prettyPhoto\"><img src=\"http:\/\/www.moldesplecam.com\/wp-content\/uploads\/2014\/07\/Fresadora-MTE-2500x800x800-150x150.jpg\" alt=\"\" class=\"img-responsive\" \/><\/a><\/a><\/span><strong>FRESADORA MTE 2500X800X800:<\/strong><\/p>\n<p align=\"JUSTIFY\">ACABADO DE PLACAS ACCESORIO Y DESBASTE FIGURA.<\/div><div class=\"fusion-clearfix\"><\/div>\n<p>&nbsp;<\/p>\n<div class=\"fusion-one-half one_half fusion-column\"><style type=\"text\/css\">.imageframe-3 img{border:0px solid #f6f6f6;}<\/style><span style=\"margin-right:25px;float:left;\" class=\"fusion-imageframe imageframe imageframe-none imageframe-3\"><a href=\"http:\/\/www.moldesplecam.com\/wp-content\/uploads\/2014\/07\/CENTRO-MECANIZADO-ANAYAK-1100X600X550-150x150.jpg\" class=\"lightbox-shortcode\" rel=\"prettyPhoto\"><a class=\"img-responsive  id=\" title=\"\" href=\"http:\/\/www.moldesplecam.com\/wp-content\/uploads\/2014\/07\/CENTRO-MECANIZADO-ANAYAK-1100X600X550.jpg\" rel=\"prettyPhoto\"><img src=\"http:\/\/www.moldesplecam.com\/wp-content\/uploads\/2014\/07\/CENTRO-MECANIZADO-ANAYAK-1100X600X550-150x150.jpg\" alt=\"\" \/><\/a><\/a><\/span><strong>CENTRO MECANIZADO ANAYAK 1100X600X550:<\/strong><\/p>\n<p align=\"JUSTIFY\">SEMI Y ACABADO PLACAS DE FIGURA.<\/div>\n<p align=\"JUSTIFY\"><div class=\"fusion-one-half one_half fusion-column last\"><style type=\"text\/css\">.imageframe-4 img{border:0px solid #f6f6f6;}<\/style><span style=\"margin-right:25px;float:left;\" class=\"fusion-imageframe imageframe imageframe-none imageframe-4\"><a href=\"http:\/\/www.moldesplecam.com\/wp-content\/uploads\/2014\/07\/CENTRO-HARTFORD-1270X635X600-150x150.jpg\" class=\"lightbox-shortcode\" rel=\"prettyPhoto\"><a class=\"img-responsive  id=\" title=\"\" href=\"http:\/\/www.moldesplecam.com\/wp-content\/uploads\/2014\/07\/CENTRO-HARTFORD-1270X635X600.jpg\" rel=\"prettyPhoto\"><img src=\"http:\/\/www.moldesplecam.com\/wp-content\/uploads\/2014\/07\/CENTRO-HARTFORD-1270X635X600-150x150.jpg\" alt=\"\" \/><\/a><\/a><\/span><strong>CENTRO HARTFORD 1270X635X600 :<\/strong><\/p>\n<p align=\"JUSTIFY\">SEMI Y ACABADO PLACAS DE FIGURA.<\/div><div class=\"fusion-clearfix\"><\/div>\n<p align=\"JUSTIFY\"><div class=\"fusion-one-half one_half fusion-column\"><style type=\"text\/css\">.imageframe-5 img{border:0px solid #f6f6f6;}<\/style><span style=\"margin-right:25px;float:left;\" class=\"fusion-imageframe imageframe imageframe-none imageframe-5\"><a href=\"http:\/\/www.moldesplecam.com\/wp-content\/uploads\/2014\/07\/CENTRO-FADAL-1050X500X500-150x150.jpg\" class=\"lightbox-shortcode\" rel=\"prettyPhoto\"><a class=\"img-responsive  id=\" title=\"\" href=\"http:\/\/www.moldesplecam.com\/wp-content\/uploads\/2014\/07\/CENTRO-FADAL-1050X500X500.jpg\" rel=\"prettyPhoto\"><img src=\"http:\/\/www.moldesplecam.com\/wp-content\/uploads\/2014\/07\/CENTRO-FADAL-1050X500X500-150x150.jpg\" alt=\"\" \/><\/a><\/a><\/span><strong>CENTRO FADAL 1050X500X500:<\/strong><\/p>\n<p align=\"JUSTIFY\">MECANIZADO DE ELECTRODOS.<\/div>\n<p align=\"JUSTIFY\"><div class=\"fusion-one-half one_half fusion-column last\"><style type=\"text\/css\">.imageframe-6 img{border:0px solid #f6f6f6;}<\/style><span style=\"margin-right:25px;float:left;\" class=\"fusion-imageframe imageframe imageframe-none imageframe-6\"><a href=\"http:\/\/www.moldesplecam.com\/wp-content\/uploads\/2014\/07\/EROSION-DE-PENETRACION-ONA-600X400X400-150x150.jpg\" class=\"lightbox-shortcode\" rel=\"prettyPhoto\"><a class=\"img-responsive  id=\" title=\"\" href=\"http:\/\/www.moldesplecam.com\/wp-content\/uploads\/2014\/07\/EROSION-DE-PENETRACION-ONA-600X400X400.jpg\" rel=\"prettyPhoto\"><img src=\"http:\/\/www.moldesplecam.com\/wp-content\/uploads\/2014\/07\/EROSION-DE-PENETRACION-ONA-600X400X400-150x150.jpg\" alt=\"\" \/><\/a><\/a><\/span><strong>EROSION DE PENETRACION ONA 600X400X400:<\/strong><\/p>\n<p align=\"JUSTIFY\">CON CARGADOR DE 6 ELECTRODOS Y EROWA.<\/div><div class=\"fusion-clearfix\"><\/div>\n<p align=\"JUSTIFY\"><div class=\"fusion-one-half one_half fusion-column\"><style type=\"text\/css\">.imageframe-7 img{border:0px solid #f6f6f6;}<\/style><span style=\"margin-right:25px;float:left;\" class=\"fusion-imageframe imageframe imageframe-none imageframe-7\"><a href=\"http:\/\/www.moldesplecam.com\/wp-content\/uploads\/2014\/07\/EQUIPO-SOLDADURA-DE-TIG-PORTATIL-150x150.jpg\" class=\"lightbox-shortcode\" rel=\"prettyPhoto\"><a class=\"img-responsive  id=\" title=\"\" href=\"http:\/\/www.moldesplecam.com\/wp-content\/uploads\/2014\/07\/EQUIPO-SOLDADURA-DE-TIG-PORTATIL.jpg\" rel=\"prettyPhoto\"><img src=\"http:\/\/www.moldesplecam.com\/wp-content\/uploads\/2014\/07\/EQUIPO-SOLDADURA-DE-TIG-PORTATIL-150x150.jpg\" alt=\"\" \/><\/a><\/a><\/span><strong>EQUIPO SOLDADURA DE TIG PORTATIL.<\/strong><\/div>\n<p align=\"JUSTIFY\"><div class=\"fusion-one-half one_half fusion-column last\"><style type=\"text\/css\">.imageframe-8 img{border:0px solid #f6f6f6;}<\/style><span style=\"margin-right:25px;float:left;\" class=\"fusion-imageframe imageframe imageframe-none imageframe-8\"><a href=\"http:\/\/www.moldesplecam.com\/wp-content\/uploads\/2014\/07\/TORNO-PINACHO-150x150.jpg\" class=\"lightbox-shortcode\" rel=\"prettyPhoto\"><a class=\"img-responsive  id=\" title=\"\" href=\"http:\/\/www.moldesplecam.com\/wp-content\/uploads\/2014\/07\/TORNO-PINACHO.jpg\" rel=\"prettyPhoto\"><img src=\"http:\/\/www.moldesplecam.com\/wp-content\/uploads\/2014\/07\/TORNO-PINACHO-150x150.jpg\" alt=\"\" \/><\/a><\/a><\/span><strong>TORNO PINACHO.<\/strong><\/p>\n<p align=\"JUSTIFY\"><\/div><div class=\"fusion-clearfix\"><\/div>\n<p align=\"JUSTIFY\"><div class=\"fusion-one-half one_half fusion-column\"><style type=\"text\/css\">.imageframe-9 img{border:0px solid #f6f6f6;}<\/style><span style=\"margin-right:25px;float:left;\" class=\"fusion-imageframe imageframe imageframe-none imageframe-9\"><a href=\"http:\/\/www.moldesplecam.com\/wp-content\/uploads\/2014\/07\/PRENSA-DE-AJUSTE-150TN-150x150.jpg\" class=\"lightbox-shortcode\" rel=\"prettyPhoto\"><a class=\"img-responsive  id=\" title=\"\" href=\"http:\/\/www.moldesplecam.com\/wp-content\/uploads\/2014\/07\/PRENSA-DE-AJUSTE-150TN.jpg\" rel=\"prettyPhoto\"><img src=\"http:\/\/www.moldesplecam.com\/wp-content\/uploads\/2014\/07\/PRENSA-DE-AJUSTE-150TN-150x150.jpg\" alt=\"\" \/><\/a><\/a><\/span><strong>PRENSA DE AJUSTE 150TN.<\/strong><\/div>\n<p align=\"JUSTIFY\"><div class=\"fusion-one-half one_half fusion-column last\"><style type=\"text\/css\">.imageframe-10 img{border:0px solid #f6f6f6;}<\/style><span style=\"margin-right:25px;float:left;\" class=\"fusion-imageframe imageframe imageframe-none imageframe-10\"><a href=\"http:\/\/www.moldesplecam.com\/wp-content\/uploads\/2014\/07\/RECTIFICADORA-PROFH-700X300X250-150x150.jpg\" class=\"lightbox-shortcode\" rel=\"prettyPhoto\"><a class=\"img-responsive  id=\" title=\"\" href=\"http:\/\/www.moldesplecam.com\/wp-content\/uploads\/2014\/07\/RECTIFICADORA-PROFH-700X300X250.jpg\" rel=\"prettyPhoto\"><img src=\"http:\/\/www.moldesplecam.com\/wp-content\/uploads\/2014\/07\/RECTIFICADORA-PROFH-700X300X250-150x150.jpg\" alt=\"\" \/><\/a><\/a><\/span><strong>RECTIFICADORA PROFH 700X300X250.<\/strong><\/p>\n<p align=\"JUSTIFY\"><\/div><div class=\"fusion-clearfix\"><\/div>\n<p align=\"JUSTIFY\"><div class=\"fusion-one-half one_half fusion-column\"><style type=\"text\/css\">.imageframe-11 img{border:0px solid #f6f6f6;}<\/style><span style=\"margin-right:25px;float:left;\" class=\"fusion-imageframe imageframe imageframe-none imageframe-11\"><a href=\"http:\/\/www.moldesplecam.com\/wp-content\/uploads\/2014\/07\/taladro-2-150x150.jpg\" class=\"lightbox-shortcode\" rel=\"prettyPhoto\"><a class=\"img-responsive  id=\" title=\"\" href=\"http:\/\/www.moldesplecam.com\/wp-content\/uploads\/2014\/07\/taladro-2.jpg\" rel=\"prettyPhoto\"><img src=\"http:\/\/www.moldesplecam.com\/wp-content\/uploads\/2014\/07\/taladro-2-150x150.jpg\" alt=\"\" \/><\/a><\/a><\/span><strong>TALADROS.<\/strong><\/div>\n<p align=\"JUSTIFY\"><div class=\"fusion-one-half one_half fusion-column last\"><style type=\"text\/css\">.imageframe-12 img{border:0px solid #f6f6f6;}<\/style><span style=\"margin-right:25px;float:left;\" class=\"fusion-imageframe imageframe imageframe-none imageframe-12\"><a href=\"http:\/\/www.moldesplecam.com\/wp-content\/uploads\/2014\/07\/Taladro-1-150x150.jpg\" class=\"lightbox-shortcode\" rel=\"prettyPhoto\"><a class=\"img-responsive  id=\" title=\"\" href=\"http:\/\/www.moldesplecam.com\/wp-content\/uploads\/2014\/07\/taladro-2.jpg\" rel=\"prettyPhoto\"><img src=\"http:\/\/www.moldesplecam.com\/wp-content\/uploads\/2014\/07\/Taladro-1-150x150.jpg\" alt=\"\" \/><\/a><\/a><\/span><strong>TALADROS.<\/strong><\/p>\n<p align=\"JUSTIFY\"><\/div><div class=\"fusion-clearfix\"><\/div>\n","protected":false},"excerpt":{"rendered":"<p>Moldes Plecam, fue fundada en el a\u00f1o 2003, pero aunque sea una empresa joven, sus tres socios-trabajadores, cuentan con una dilatada experiencia en la fabricaci\u00f3n de moldes de inyecci\u00f3n para la industria del pl\u00e1stico, conforme con las necesidades de los clientes y siguiendo siempre una linea de superaci\u00f3n en el desarrollo tecnol\u00f3gico capaz de aportar [&hellip;]<\/p>\n","protected":false},"author":1,"featured_media":0,"parent":0,"menu_order":0,"comment_status":"open","ping_status":"open","template":"full-width.php","meta":[],"_links":{"self":[{"href":"https:\/\/www.moldesplecam.com\/index.php?rest_route=\/wp\/v2\/pages\/10253"}],"collection":[{"href":"https:\/\/www.moldesplecam.com\/index.php?rest_route=\/wp\/v2\/pages"}],"about":[{"href":"https:\/\/www.moldesplecam.com\/index.php?rest_route=\/wp\/v2\/types\/page"}],"author":[{"embeddable":true,"href":"https:\/\/www.moldesplecam.com\/index.php?rest_route=\/wp\/v2\/users\/1"}],"replies":[{"embeddable":true,"href":"https:\/\/www.moldesplecam.com\/index.php?rest_route=%2Fwp%2Fv2%2Fcomments&post=10253"}],"version-history":[{"count":12,"href":"https:\/\/www.moldesplecam.com\/index.php?rest_route=\/wp\/v2\/pages\/10253\/revisions"}],"predecessor-version":[{"id":10685,"href":"https:\/\/www.moldesplecam.com\/index.php?rest_route=\/wp\/v2\/pages\/10253\/revisions\/10685"}],"wp:attachment":[{"href":"https:\/\/www.moldesplecam.com\/index.php?rest_route=%2Fwp%2Fv2%2Fmedia&parent=10253"}],"curies":[{"name":"wp","href":"https:\/\/api.w.org\/{rel}","templated":true}]}}